{"id":75,"date":"2020-08-19T14:33:26","date_gmt":"2020-08-19T14:33:26","guid":{"rendered":"https:\/\/www.redsilence.1billionrising.at\/?page_id=75"},"modified":"2020-10-20T15:38:32","modified_gmt":"2020-10-20T15:38:32","slug":"unterstuetzen","status":"publish","type":"page","link":"https:\/\/www.redsilence.1billionrising.at\/en\/unterstuetzen\/","title":{"rendered":"Unterst\u00fctzen"},"content":{"rendered":"\n<div class=\"wp-block-columns are-vertically-aligned-top is-layout-flex wp-container-core-columns-layout-2 wp-block-columns-is-layout-flex\">\n<div class=\"wp-block-column is-layout-flow wp-block-column-is-layout-flow\">\n<div class=\"wp-block-columns is-layout-flex wp-container-core-columns-layout-1 wp-block-columns-is-layout-flex\">\n<div class=\"wp-block-column is-layout-flow wp-block-column-is-layout-flow\">\n<p>RED Silence ist eine Produktion von <a href=\"http:\/\/aikaku.net\" data-type=\"URL\" data-id=\"aikaku.net\">Aiko Kazuko Kurosaki<\/a> und <a href=\"http:\/\/1billionrising.at\" data-type=\"URL\" data-id=\"1billionrising.at\">OBRA<\/a> in Kooperation mit der <a href=\"http:\/\/zwanzigtausendfrauen.at\/\" data-type=\"URL\" data-id=\"http:\/\/zwanzigtausendfrauen.at\/\">Plattform 20000 Frauen<\/a> und der <a href=\"http:\/\/www.gewaltfreileben.at\/de\/\" data-type=\"URL\" data-id=\"http:\/\/www.gewaltfreileben.at\/de\/\">Allianz Gewalt<em>FREI <\/em>leben<\/a> und wird unterst\u00fctzt von der <a href=\"https:\/\/www.wien.gv.at\/kontakte\/ma57\/\" target=\"_blank\" rel=\"noreferrer noopener\">MA57<\/a>.<\/p>\n\n\n\n<hr class=\"wp-block-separator is-style-wide\"\/>\n\n\n\n<h2 class=\"wp-block-heading\">Spenden<\/h2>\n\n\n\n<p>Finanziert wird RED Silence \u00fcber F\u00f6rdergelder und private Spenden. Daher sind wir in h\u00f6chstem Ma\u00dfe auch auf deine Unterst\u00fctzung angewiesen.<\/p>\n\n\n\n<p>OBRA \u2013 One Billion Rising Austria<br>Bank Austria<br><strong>IBAN: AT06 1200 0100 13572838<\/strong><br>BIC: BKAUATWW<br><span style=\"color:#a2292e\" class=\"has-inline-color\">Verwendungszweck: <strong>RED Silence<\/strong><\/span><\/p>\n\n\n\n<p>Wir bedanken uns ganz besonders f\u00fcr deinen Anerkennungs- und Unterst\u00fctzungsbeitrag!<\/p>\n<\/div>\n\n\n\n<div class=\"wp-block-column is-layout-flow wp-block-column-is-layout-flow\">\n<div class=\"wp-block-image\"><figure class=\"aligncenter size-large is-resized\"><a href=\"https:\/\/www.wien.gv.at\/kontakte\/ma57\/\" target=\"_blank\" rel=\"noopener noreferrer\"><img decoding=\"async\" src=\"https:\/\/www.redsilence.1billionrising.at\/wp-content\/uploads\/2020\/08\/SW_Logo_pos_rgb.jpeg\" alt=\"\" class=\"wp-image-45\" width=\"160\" height=\"65\" srcset=\"https:\/\/www.redsilence.1billionrising.at\/wp-content\/uploads\/2020\/08\/SW_Logo_pos_rgb.jpeg 640w, https:\/\/www.redsilence.1billionrising.at\/wp-content\/uploads\/2020\/08\/SW_Logo_pos_rgb-300x121.jpeg 300w\" sizes=\"(max-width: 160px) 100vw, 160px\" \/><\/a><figcaption><sup>Red Silence wird <a rel=\"noreferrer noopener\" href=\"https:\/\/www.wien.gv.at\/kontakte\/ma57\/\" target=\"_blank\">unterst\u00fctzt von der MA57<\/a><\/sup><\/figcaption><\/figure><\/div>\n\n\n\n<h2 class=\"wp-block-heading\"><a href=\"https:\/\/www.redsilence.1billionrising.at\/mitmachen\/\">Mitmachen<\/a><\/h2>\n\n\n\n<p>RED Silence bietet den Platz und Zeit zur <strong>Kooperation<\/strong> mit <strong>feministischen Initiativen<\/strong> in Form von Parallelaktionen wie Diskussionen, Ansprachen, Kundgebungen, etc\u2026<br><strong>Wir freuen uns \u00fcber <a href=\"https:\/\/www.redsilence.1billionrising.at\/kontakt\/\" data-type=\"page\" data-id=\"39\">Kontaktaufnahme<\/a>!<\/strong><\/p>\n\n\n\n<p><strong>Mittanzen<\/strong> d\u00fcrfen alle die m\u00f6chten: einfach den Bewegungen der T\u00e4nzerin folgen, sie werden sehr einfach sein.<\/p>\n\n\n\n<p>Mehr zum Thema Mitmachen findet sich <a href=\"https:\/\/www.redsilence.1billionrising.at\/mitmachen\/\">in diesem Beitrag<\/a>, schau vorbei!<\/p>\n<\/div>\n<\/div>\n<\/div>\n<\/div>\n\n\n\n<div class=\"wp-block-columns is-layout-flex wp-container-core-columns-layout-3 wp-block-columns-is-layout-flex\">\n<div class=\"wp-block-column is-vertically-aligned-center is-layout-flow wp-block-column-is-layout-flow\">\n<hr class=\"wp-block-separator is-style-wide\"\/>\n\n\n\n<h2 class=\"has-text-align-center wp-block-heading\">Kooperation \/ Unterst\u00fctzung \/ Mitbeteiligung durch<\/h2>\n\n\n\n<hr class=\"wp-block-separator is-style-wide\"\/>\n<\/div>\n<\/div>\n\n\n\n<div class=\"wp-block-columns is-layout-flex wp-container-core-columns-layout-6 wp-block-columns-is-layout-flex\">\n<div class=\"wp-block-column is-vertically-aligned-center is-layout-flow wp-block-column-is-layout-flow\">\n<div class=\"wp-block-columns are-vertically-aligned-top is-layout-flex wp-container-core-columns-layout-4 wp-block-columns-is-layout-flex\">\n<div class=\"wp-block-column is-vertically-aligned-top is-layout-flow wp-block-column-is-layout-flow\">\n<div class=\"wp-block-image\"><figure class=\"aligncenter size-large is-resized\"><a href=\"http:\/\/aikaku.net\" target=\"_blank\" rel=\"noopener noreferrer\"><img decoding=\"async\" src=\"https:\/\/www.redsilence.1billionrising.at\/wp-content\/uploads\/2020\/08\/Aiko-Logo-1017x1024.png\" alt=\"\" class=\"wp-image-150\" width=\"92\" height=\"92\" srcset=\"https:\/\/www.redsilence.1billionrising.at\/wp-content\/uploads\/2020\/08\/Aiko-Logo-1017x1024.png 1017w, https:\/\/www.redsilence.1billionrising.at\/wp-content\/uploads\/2020\/08\/Aiko-Logo-298x300.png 298w, https:\/\/www.redsilence.1billionrising.at\/wp-content\/uploads\/2020\/08\/Aiko-Logo-150x150.png 150w, https:\/\/www.redsilence.1billionrising.at\/wp-content\/uploads\/2020\/08\/Aiko-Logo-768x774.png 768w, https:\/\/www.redsilence.1billionrising.at\/wp-content\/uploads\/2020\/08\/Aiko-Logo.png 1240w\" sizes=\"(max-width: 92px) 100vw, 92px\" \/><\/a><figcaption><a href=\"http:\/\/aikaku.net\" target=\"_blank\" rel=\"noreferrer noopener\"><sup>Aiko Kazuko Kurosaki<\/sup><\/a><\/figcaption><\/figure><\/div>\n\n\n\n<hr class=\"wp-block-separator is-style-wide\"\/>\n\n\n\n<div class=\"wp-block-image\"><figure class=\"aligncenter size-large is-resized\"><a href=\"https:\/\/petrapaul.beepworld.de\/\" target=\"_blank\" rel=\"noopener noreferrer\"><img decoding=\"async\" src=\"https:\/\/www.redsilence.1billionrising.at\/wp-content\/uploads\/2020\/08\/art-grafic-design-petra-paul.jpg\" alt=\"\" class=\"wp-image-172\" width=\"283\" height=\"94\" srcset=\"https:\/\/www.redsilence.1billionrising.at\/wp-content\/uploads\/2020\/08\/art-grafic-design-petra-paul.jpg 442w, https:\/\/www.redsilence.1billionrising.at\/wp-content\/uploads\/2020\/08\/art-grafic-design-petra-paul-300x100.jpg 300w\" sizes=\"(max-width: 283px) 100vw, 283px\" \/><\/a><figcaption><a href=\"https:\/\/petrapaul.beepworld.de\/\" target=\"_blank\" rel=\"noreferrer noopener\"><sup>Art &amp; Grafic Design Petra Paul<\/sup><\/a><\/figcaption><\/figure><\/div>\n\n\n\n<hr class=\"wp-block-separator is-style-wide\"\/>\n\n\n\n<div class=\"wp-block-image is-style-default\"><figure class=\"aligncenter size-large is-resized\"><a href=\"https:\/\/www.facebook.com\/feministischealleinerzieherinnen\/\" target=\"_blank\" rel=\"noopener noreferrer\"><img loading=\"lazy\" decoding=\"async\" src=\"https:\/\/www.redsilence.1billionrising.at\/wp-content\/uploads\/2020\/08\/Verein-Feministische-Alleinerzieherinnen.png\" alt=\"\" class=\"wp-image-81\" width=\"188\" height=\"96\" srcset=\"https:\/\/www.redsilence.1billionrising.at\/wp-content\/uploads\/2020\/08\/Verein-Feministische-Alleinerzieherinnen.png 620w, https:\/\/www.redsilence.1billionrising.at\/wp-content\/uploads\/2020\/08\/Verein-Feministische-Alleinerzieherinnen-300x155.png 300w\" sizes=\"(max-width: 188px) 100vw, 188px\" \/><\/a><figcaption><a href=\"https:\/\/www.facebook.com\/feministischealleinerzieherinnen\/\" target=\"_blank\" rel=\"noreferrer noopener\"><sup>Verein Feministische Alleinerzieherinnen<\/sup><\/a><\/figcaption><\/figure><\/div>\n\n\n\n<hr class=\"wp-block-separator is-style-wide\"\/>\n\n\n\n<div class=\"wp-block-image\"><figure class=\"aligncenter size-large\"><a href=\"https:\/\/www.alleinerziehende.org\/\" target=\"_blank\" rel=\"noopener noreferrer\"><img loading=\"lazy\" decoding=\"async\" width=\"300\" height=\"150\" src=\"https:\/\/www.redsilence.1billionrising.at\/wp-content\/uploads\/2020\/08\/O\u0308PA_Logo-1-300x150-1.jpg\" alt=\"\" class=\"wp-image-308\"\/><\/a><figcaption><a href=\"https:\/\/www.alleinerziehende.org\/\" target=\"_blank\" rel=\"noreferrer noopener\"><sup>\u00d6sterreichische Plattform f\u00fcr Alleinerziehende<\/sup><\/a><\/figcaption><\/figure><\/div>\n\n\n\n<hr class=\"wp-block-separator is-style-wide\"\/>\n\n\n\n<div class=\"wp-block-image\"><figure class=\"aligncenter size-large\"><a href=\"www.frauenhetz.jetzt\" target=\"_blank\" rel=\"noopener noreferrer\"><img loading=\"lazy\" decoding=\"async\" width=\"960\" height=\"882\" src=\"https:\/\/www.redsilence.1billionrising.at\/wp-content\/uploads\/2020\/09\/A-Frauenhetz_logo_mit_Kontaktdaten.jpg\" alt=\"\" class=\"wp-image-722\" srcset=\"https:\/\/www.redsilence.1billionrising.at\/wp-content\/uploads\/2020\/09\/A-Frauenhetz_logo_mit_Kontaktdaten.jpg 960w, https:\/\/www.redsilence.1billionrising.at\/wp-content\/uploads\/2020\/09\/A-Frauenhetz_logo_mit_Kontaktdaten-300x276.jpg 300w, https:\/\/www.redsilence.1billionrising.at\/wp-content\/uploads\/2020\/09\/A-Frauenhetz_logo_mit_Kontaktdaten-768x706.jpg 768w\" sizes=\"(max-width: 960px) 100vw, 960px\" \/><\/a><figcaption><sup><a href=\"http:\/\/www.frauenhetz.jetzt\" data-type=\"URL\" data-id=\"www.frauenhetz.jetzt\" target=\"_blank\" rel=\"noreferrer noopener\">Verein Frauenhetz &#8211; Feministische Bildung, Kultur und Politik, Wien<\/a><\/sup><\/figcaption><\/figure><\/div>\n\n\n\n<hr class=\"wp-block-separator is-style-wide\"\/>\n<\/div>\n\n\n\n<div class=\"wp-block-column is-vertically-aligned-top is-layout-flow wp-block-column-is-layout-flow\">\n<div class=\"wp-block-image\"><figure class=\"aligncenter size-large is-resized\"><a href=\"https:\/\/1billionrising.at\/red-silence\/\" target=\"_blank\" rel=\"noopener noreferrer\"><img loading=\"lazy\" decoding=\"async\" src=\"https:\/\/i0.wp.com\/1billionrising.at\/wp-content\/uploads\/2015\/12\/onebillionrising1.jpg?w=756&amp;ssl=1\" alt=\"\" width=\"97\" height=\"87\"\/><\/a><figcaption><a href=\"https:\/\/1billionrising.at\/\" target=\"_blank\" rel=\"noreferrer noopener\"><sup>One Billion Rising Austria<\/sup><\/a><\/figcaption><\/figure><\/div>\n\n\n\n<hr class=\"wp-block-separator is-style-wide\"\/>\n\n\n\n<div class=\"wp-block-image is-style-default\"><figure class=\"aligncenter size-large\"><a href=\"https:\/\/www.facebook.com\/FemmeFiscale\/\" target=\"_blank\" rel=\"noopener noreferrer\"><img decoding=\"async\" src=\"https:\/\/i2.wp.com\/1billionrising.at\/wp-content\/uploads\/2016\/02\/femme-fiscale-facebook-logo-a-e1512073483272.png?fit=150%2C71&amp;ssl=1\" alt=\"\"\/><\/a><figcaption><a href=\"https:\/\/www.facebook.com\/FemmeFiscale\/\" target=\"_blank\" rel=\"noreferrer noopener\"><sup>Femme Fiscale<\/sup><\/a><\/figcaption><\/figure><\/div>\n\n\n\n<hr class=\"wp-block-separator is-style-wide\"\/>\n\n\n\n<div class=\"wp-block-image is-style-default\"><figure class=\"aligncenter size-large is-resized\"><a href=\"https:\/\/www.wienfuerfrauen.at\" target=\"_blank\" rel=\"noopener noreferrer\"><img loading=\"lazy\" decoding=\"async\" src=\"https:\/\/www.wienfuerfrauen.at\/wp-content\/uploads\/2020\/04\/cropped-wienfuerFrauen2.png\" alt=\"\" width=\"161\" height=\"82\"\/><\/a><figcaption><a href=\"https:\/\/www.google.com\/url?sa=t&amp;rct=j&amp;q=&amp;esrc=s&amp;source=web&amp;cd=&amp;ved=2ahUKEwiAn6uUvKfrAhU1C2MBHYCiCjQQFjAAegQIAhAB&amp;url=https%3A%2F%2Fwww.wienfuerfrauen.at%2F&amp;usg=AOvVaw3eUlmO_e90N0lwam6RIv82\" target=\"_blank\" rel=\"noreferrer noopener\"><sup>Wien von Frauen f\u00fcr Frauen<\/sup><\/a><\/figcaption><\/figure><\/div>\n\n\n\n<hr class=\"wp-block-separator is-style-wide\"\/>\n\n\n\n<div class=\"wp-block-image\"><figure class=\"aligncenter size-large is-resized\"><a href=\"www.interventionsstelle-wien.at\" target=\"_blank\" rel=\"noopener noreferrer\"><img loading=\"lazy\" decoding=\"async\" src=\"https:\/\/www.redsilence.1billionrising.at\/wp-content\/uploads\/2020\/08\/IST_logo.jpg\" alt=\"\" class=\"wp-image-335\" width=\"106\" height=\"92\" srcset=\"https:\/\/www.redsilence.1billionrising.at\/wp-content\/uploads\/2020\/08\/IST_logo.jpg 710w, https:\/\/www.redsilence.1billionrising.at\/wp-content\/uploads\/2020\/08\/IST_logo-300x263.jpg 300w\" sizes=\"(max-width: 106px) 100vw, 106px\" \/><\/a><figcaption><a href=\"http:\/\/www.interventionsstelle-wien.at\" data-type=\"URL\" data-id=\"www.interventionsstelle-wien.at\" target=\"_blank\" rel=\"noreferrer noopener\"><sup>Wiener Interventionsstelle gegen Gewalt in der Familie<\/sup><\/a><\/figcaption><\/figure><\/div>\n\n\n\n<hr class=\"wp-block-separator is-style-wide\"\/>\n\n\n\n<div class=\"wp-block-image\"><figure class=\"aligncenter size-large is-resized\"><a href=\"http:\/\/www.slowforward.org\" target=\"_blank\" rel=\"noopener noreferrer\"><img loading=\"lazy\" decoding=\"async\" src=\"https:\/\/www.redsilence.1billionrising.at\/wp-content\/uploads\/2020\/09\/slowforward_logo_09.jpg\" alt=\"\" class=\"wp-image-625\" width=\"122\" height=\"88\"\/><\/a><figcaption><sup><a href=\"http:\/\/www.slowforward.org\" target=\"_blank\" rel=\"noreferrer noopener\">SlowForward<\/a><\/sup><\/figcaption><\/figure><\/div>\n\n\n\n<hr class=\"wp-block-separator is-style-wide\"\/>\n<\/div>\n<\/div>\n<\/div>\n\n\n\n<div class=\"wp-block-column is-layout-flow wp-block-column-is-layout-flow\">\n<div class=\"wp-block-columns are-vertically-aligned-top is-layout-flex wp-container-core-columns-layout-5 wp-block-columns-is-layout-flex\">\n<div class=\"wp-block-column is-vertically-aligned-top is-layout-flow wp-block-column-is-layout-flow\">\n<div class=\"wp-block-image\"><figure class=\"aligncenter size-large is-resized\"><a href=\"http:\/\/zwanzigtausendfrauen.at\/\" target=\"_blank\" rel=\"noopener noreferrer\"><img loading=\"lazy\" decoding=\"async\" src=\"https:\/\/i2.wp.com\/1billionrising.at\/wp-content\/uploads\/2020\/03\/plattform20000.jpg?w=207&amp;ssl=1\" alt=\"\" width=\"72\" height=\"84\"\/><\/a><figcaption><a rel=\"noreferrer noopener\" href=\"http:\/\/zwanzigtausendfrauen.at\/\" target=\"_blank\"><sup>Plattform 20000 Frauen<\/sup><\/a><\/figcaption><\/figure><\/div>\n\n\n\n<hr class=\"wp-block-separator is-style-wide\"\/>\n\n\n\n<div class=\"wp-block-image is-style-default\"><figure class=\"aligncenter size-large is-resized\"><a href=\"https:\/\/omasgegenrechts.at\" target=\"_blank\" rel=\"noopener noreferrer\"><img loading=\"lazy\" decoding=\"async\" src=\"https:\/\/www.redsilence.1billionrising.at\/wp-content\/uploads\/2020\/08\/Omas-gg-rechts.png\" alt=\"\" class=\"wp-image-82\" width=\"158\" height=\"81\" srcset=\"https:\/\/www.redsilence.1billionrising.at\/wp-content\/uploads\/2020\/08\/Omas-gg-rechts.png 620w, https:\/\/www.redsilence.1billionrising.at\/wp-content\/uploads\/2020\/08\/Omas-gg-rechts-300x155.png 300w\" sizes=\"(max-width: 158px) 100vw, 158px\" \/><\/a><figcaption><a rel=\"noreferrer noopener\" href=\"https:\/\/omasgegenrechts.at\" target=\"_blank\"><sup>OMAS GEGEN RECHTS<\/sup><\/a><br><sup>OMAS ON STAGE<\/sup><\/figcaption><\/figure><\/div>\n\n\n\n<hr class=\"wp-block-separator is-style-wide\"\/>\n\n\n\n<div class=\"wp-block-image\"><figure class=\"aligncenter size-large is-resized\"><a href=\"https:\/\/stop-partnergewalt.org\" target=\"_blank\" rel=\"noopener noreferrer\"><img loading=\"lazy\" decoding=\"async\" src=\"https:\/\/www.redsilence.1billionrising.at\/wp-content\/uploads\/2020\/08\/StoP-Logo_WIEN-01.png\" alt=\"\" class=\"wp-image-337\" width=\"251\" height=\"91\" srcset=\"https:\/\/www.redsilence.1billionrising.at\/wp-content\/uploads\/2020\/08\/StoP-Logo_WIEN-01.png 969w, https:\/\/www.redsilence.1billionrising.at\/wp-content\/uploads\/2020\/08\/StoP-Logo_WIEN-01-300x110.png 300w, https:\/\/www.redsilence.1billionrising.at\/wp-content\/uploads\/2020\/08\/StoP-Logo_WIEN-01-768x281.png 768w\" sizes=\"(max-width: 251px) 100vw, 251px\" \/><\/a><figcaption><sup><a href=\"https:\/\/stop-partnergewalt.org\" target=\"_blank\" rel=\"noreferrer noopener\">StoP-Stadtteile ohne Partnergewalt<\/a><\/sup><\/figcaption><\/figure><\/div>\n\n\n\n<hr class=\"wp-block-separator is-style-wide\"\/>\n\n\n\n<div class=\"wp-block-image\"><figure class=\"aligncenter size-large\"><a href=\"www.weisser-ring.at\" target=\"_blank\" rel=\"noopener noreferrer\"><img loading=\"lazy\" decoding=\"async\" width=\"690\" height=\"248\" src=\"https:\/\/www.redsilence.1billionrising.at\/wp-content\/uploads\/2020\/09\/WR_Logo_Verbrechen_3c_pos.png\" alt=\"\" class=\"wp-image-720\" srcset=\"https:\/\/www.redsilence.1billionrising.at\/wp-content\/uploads\/2020\/09\/WR_Logo_Verbrechen_3c_pos.png 690w, https:\/\/www.redsilence.1billionrising.at\/wp-content\/uploads\/2020\/09\/WR_Logo_Verbrechen_3c_pos-300x108.png 300w\" sizes=\"(max-width: 690px) 100vw, 690px\" \/><\/a><figcaption><sup><a href=\"http:\/\/www.weisser-ring.at\" data-type=\"URL\" data-id=\"www.weisser-ring.at\" target=\"_blank\" rel=\"noreferrer noopener\">WEISSER RING \u00d6sterreich<\/a><\/sup><\/figcaption><\/figure><\/div>\n\n\n\n<hr class=\"wp-block-separator is-style-wide\"\/>\n<\/div>\n\n\n\n<div class=\"wp-block-column is-vertically-aligned-top is-layout-flow wp-block-column-is-layout-flow\">\n<div class=\"wp-block-image\"><figure class=\"aligncenter size-large is-resized\"><a href=\"http:\/\/www.gewaltfreileben.at\/de\/\" target=\"_blank\" rel=\"noopener noreferrer\"><img loading=\"lazy\" decoding=\"async\" src=\"https:\/\/i2.wp.com\/1billionrising.at\/wp-content\/uploads\/2020\/03\/Logo-AllianzGewaltFREIleben-a.png?resize=300%2C205&amp;ssl=1\" alt=\"\" width=\"139\" height=\"94\"\/><\/a><figcaption><a href=\"http:\/\/www.gewaltfreileben.at\/de\/\" target=\"_blank\" rel=\"noreferrer noopener\"><sup>Allianz Gewalt<em>FREI <\/em>leben<\/sup><\/a><\/figcaption><\/figure><\/div>\n\n\n\n<hr class=\"wp-block-separator is-style-wide\"\/>\n\n\n\n<div class=\"wp-block-image is-style-default\"><figure class=\"aligncenter size-large is-resized\"><a href=\"https:\/\/www.kfb.at\" target=\"_blank\" rel=\"noopener noreferrer\"><img loading=\"lazy\" decoding=\"async\" src=\"https:\/\/www.kfb.at\/img\/02\/7b\/ec39501094892cc22cfd\/x-kfb.png.pagespeed.ic.zx6SxowhuO.png\" alt=\"\" width=\"189\" height=\"56\"\/><\/a><figcaption><a href=\"https:\/\/www.kfb.at\" target=\"_blank\" rel=\"noreferrer noopener\"><sup>Katholische Frauenbewegung \u00d6sterreichs<\/sup><\/a><\/figcaption><\/figure><\/div>\n\n\n\n<hr class=\"wp-block-separator is-style-wide\"\/>\n\n\n\n<div class=\"wp-block-image is-style-default\"><figure class=\"aligncenter size-large\"><a href=\"https:\/\/www.erzdioezese-wien.at\/pages\/inst\/14428523\" target=\"_blank\" rel=\"noopener noreferrer\"><img loading=\"lazy\" decoding=\"async\" width=\"1024\" height=\"182\" src=\"https:\/\/www.redsilence.1billionrising.at\/wp-content\/uploads\/2020\/08\/Katholische-Frauenbewegung-der-Erdio\u0308zese-Wien-1024x182.png\" alt=\"\" class=\"wp-image-77\" srcset=\"https:\/\/www.redsilence.1billionrising.at\/wp-content\/uploads\/2020\/08\/Katholische-Frauenbewegung-der-Erdio\u0308zese-Wien-1024x182.png 1024w, https:\/\/www.redsilence.1billionrising.at\/wp-content\/uploads\/2020\/08\/Katholische-Frauenbewegung-der-Erdio\u0308zese-Wien-300x53.png 300w, https:\/\/www.redsilence.1billionrising.at\/wp-content\/uploads\/2020\/08\/Katholische-Frauenbewegung-der-Erdio\u0308zese-Wien-768x137.png 768w, https:\/\/www.redsilence.1billionrising.at\/wp-content\/uploads\/2020\/08\/Katholische-Frauenbewegung-der-Erdio\u0308zese-Wien.png 1235w\" sizes=\"(max-width: 1024px) 100vw, 1024px\" \/><\/a><figcaption><a href=\"https:\/\/www.erzdioezese-wien.at\/pages\/inst\/14428523\" target=\"_blank\" rel=\"noreferrer noopener\"><sup>Katholische Frauenbewegung der Erdi\u00f6zese Wien<\/sup><\/a><\/figcaption><\/figure><\/div>\n\n\n\n<hr class=\"wp-block-separator is-style-wide\"\/>\n\n\n\n<div class=\"wp-block-image\"><figure class=\"aligncenter size-large is-resized\"><a href=\"evang.at\" target=\"_blank\" rel=\"noopener noreferrer\"><img loading=\"lazy\" decoding=\"async\" src=\"https:\/\/www.redsilence.1billionrising.at\/wp-content\/uploads\/2020\/08\/Evangelische-Frauenarbeit.jpg\" alt=\"\" class=\"wp-image-454\" width=\"176\" height=\"27\"\/><\/a><figcaption><a href=\"http:\/\/evang.at\" data-type=\"URL\" data-id=\"evang.at\" target=\"_blank\" rel=\"noreferrer noopener\"><sup>Evangelische Frauenarbeit i. \u00d6.<\/sup><\/a><\/figcaption><\/figure><\/div>\n\n\n\n<hr class=\"wp-block-separator is-style-wide\"\/>\n\n\n\n<div class=\"wp-block-image\"><figure class=\"aligncenter size-large is-resized\"><a href=\"http:\/\/www.danceability.at\/\" target=\"_blank\" rel=\"noopener noreferrer\"><img loading=\"lazy\" decoding=\"async\" src=\"https:\/\/i1.wp.com\/1billionrising.at\/wp-content\/uploads\/2019\/02\/DanceAbility-logo-300dpi.jpeg\" alt=\"\" width=\"89\" height=\"89\"\/><\/a><figcaption><sup><a href=\"http:\/\/www.danceability.at\/\" target=\"_blank\" rel=\"noreferrer noopener\">DanceAbility<\/a><\/sup><\/figcaption><\/figure><\/div>\n\n\n\n<hr class=\"wp-block-separator is-style-wide\"\/>\n\n\n\n<div class=\"wp-block-image\"><figure class=\"aligncenter size-large is-resized\"><a href=\"https:\/\/www.eop.at\/\" target=\"_blank\" rel=\"noopener noreferrer\"><img loading=\"lazy\" decoding=\"async\" src=\"https:\/\/www.redsilence.1billionrising.at\/wp-content\/uploads\/2020\/09\/logo_eop-a.png\" alt=\"\" class=\"wp-image-747\" width=\"95\" height=\"25\" srcset=\"https:\/\/www.redsilence.1billionrising.at\/wp-content\/uploads\/2020\/09\/logo_eop-a.png 307w, https:\/\/www.redsilence.1billionrising.at\/wp-content\/uploads\/2020\/09\/logo_eop-a-300x80.png 300w\" sizes=\"(max-width: 95px) 100vw, 95px\" \/><\/a><figcaption><sup><a href=\"https:\/\/www.eop.at\/\" target=\"_blank\" rel=\"noreferrer noopener\">Emergence of Projects (eop)<\/a><\/sup><\/figcaption><\/figure><\/div>\n\n\n\n<hr class=\"wp-block-separator is-style-wide\"\/>\n\n\n\n<p><\/p>\n<\/div>\n<\/div>\n<\/div>\n<\/div>\n\n\n\n<hr class=\"wp-block-separator is-style-wide\"\/>\n\n\n\n<h2 class=\"wp-block-heading\">Weitere Informationen:<\/h2>\n\n\n\n<p><a href=\"http:\/\/www.aikaku.net\" data-type=\"URL\" data-id=\"www.aikaku.net\">www.aikaku.net<\/a><br><a href=\"http:\/\/www.1billionrising.at\" data-type=\"URL\" data-id=\"www.1billionrising.at\">www.1billionrising.at<\/a><\/p>\n","protected":false},"excerpt":{"rendered":"<p>RED Silence ist eine Produktion von Aiko Kazuko Kurosaki und OBRA in Kooperation mit der Plattform 20000 Frauen und der Allianz GewaltFREI leben und wird [&hellip;]<\/p>\n","protected":false},"author":1,"featured_media":0,"parent":0,"menu_order":0,"comment_status":"closed","ping_status":"closed","template":"","meta":{"ngg_post_thumbnail":0,"footnotes":""},"translation":{"provider":"WPGlobus","version":"3.0.2","language":"en","enabled_languages":["de","en"],"languages":{"de":{"title":true,"content":true,"excerpt":false},"en":{"title":false,"content":false,"excerpt":false}}},"_links":{"self":[{"href":"https:\/\/www.redsilence.1billionrising.at\/en\/wp-json\/wp\/v2\/pages\/75"}],"collection":[{"href":"https:\/\/www.redsilence.1billionrising.at\/en\/wp-json\/wp\/v2\/pages"}],"about":[{"href":"https:\/\/www.redsilence.1billionrising.at\/en\/wp-json\/wp\/v2\/types\/page"}],"author":[{"embeddable":true,"href":"https:\/\/www.redsilence.1billionrising.at\/en\/wp-json\/wp\/v2\/users\/1"}],"replies":[{"embeddable":true,"href":"https:\/\/www.redsilence.1billionrising.at\/en\/wp-json\/wp\/v2\/comments?post=75"}],"version-history":[{"count":45,"href":"https:\/\/www.redsilence.1billionrising.at\/en\/wp-json\/wp\/v2\/pages\/75\/revisions"}],"predecessor-version":[{"id":1075,"href":"https:\/\/www.redsilence.1billionrising.at\/en\/wp-json\/wp\/v2\/pages\/75\/revisions\/1075"}],"wp:attachment":[{"href":"https:\/\/www.redsilence.1billionrising.at\/en\/wp-json\/wp\/v2\/media?parent=75"}],"curies":[{"name":"wp","href":"https:\/\/api.w.org\/{rel}","templated":true}]}}