{"id":39,"date":"2020-08-18T12:21:28","date_gmt":"2020-08-18T12:21:28","guid":{"rendered":"https:\/\/www.redsilence.1billionrising.at\/?page_id=39"},"modified":"2023-01-09T13:53:00","modified_gmt":"2023-01-09T13:53:00","slug":"kontakt","status":"publish","type":"page","link":"https:\/\/www.redsilence.1billionrising.at\/en\/kontakt\/","title":{"rendered":"Kontakt"},"content":{"rendered":"\n<div class=\"wp-block-columns is-layout-flex wp-container-core-columns-layout-1 wp-block-columns-is-layout-flex\">\n<div class=\"wp-block-column is-layout-flow wp-block-column-is-layout-flow\">\n<p>F\u00fcr Fragen, Anregungen, Mitwirkung \u2013 und alles was sonst noch am Herzen liegt, freuen wir uns \u00fcber eine E-Mail an:<\/p>\n\n\n\n<p><a href=\"mailto:kazukokurosaki@gmail.com\">kazukokurosaki@gmail.com<\/a> oder <a href=\"mailto:office@1billionrising.at\">office@1billionrising.at<\/a><\/p>\n\n\n\n<h2 class=\"wp-block-heading\">Mitmachen<\/h2>\n\n\n\n<p>Themen, L\u00f6sungsans\u00e4tze, Manifeste, Visionen, W\u00fcnsche die als eigener <a href=\"https:\/\/www.redsilence.1billionrising.at\/category\/redkooperation\/\">Blogbeitrag<\/a> hier erscheinen sollen bitte mit Logo, Informationen  zur Organisation \/ Person und Bild (wenn vorhanden) an <a href=\"mailto:office@1billionrising.at\">office@1billionrising.at<\/a> UND <a href=\"mailto:online@1billionrising.at\">online@1billionrising.at<\/a> senden!<\/p>\n<\/div>\n\n\n\n<div class=\"wp-block-column is-layout-flow wp-block-column-is-layout-flow\">\n<figure class=\"wp-block-image size-large\"><img fetchpriority=\"high\" decoding=\"async\" width=\"640\" height=\"444\" src=\"https:\/\/www.redsilence.1billionrising.at\/wp-content\/uploads\/2020\/08\/REDlines-connected-Aussendung.jpeg\" alt=\"\" class=\"wp-image-7\" srcset=\"https:\/\/www.redsilence.1billionrising.at\/wp-content\/uploads\/2020\/08\/REDlines-connected-Aussendung.jpeg 640w, https:\/\/www.redsilence.1billionrising.at\/wp-content\/uploads\/2020\/08\/REDlines-connected-Aussendung-300x208.jpeg 300w\" sizes=\"(max-width: 640px) 100vw, 640px\" \/><\/figure>\n\n\n\n<h2 class=\"wp-block-heading\">Weitere Informationen<\/h2>\n\n\n\n<p><a href=\"http:\/\/www.aikaku.net\">www.aikaku.net<\/a><br><a href=\"http:\/\/www.1billionrising.at\">www.1billionrising.at<\/a><\/p>\n<\/div>\n<\/div>\n\n\n\n<p>Du hast einen Fehler auf unserer Website entdeckt? Schreibe uns bitte eine E-Mail an <a href=\"mailto:online@1billionrising.at\">online@1billionrising.at<\/a>.<\/p>\n","protected":false},"excerpt":{"rendered":"<p>F\u00fcr Fragen, Anregungen, Mitwirkung \u2013 und alles was sonst noch am Herzen liegt, freuen wir uns \u00fcber eine E-Mail an: kazukokurosaki@gmail.com oder office@1billionrising.at Mitmachen Themen, [&hellip;]<\/p>\n","protected":false},"author":1,"featured_media":0,"parent":0,"menu_order":0,"comment_status":"closed","ping_status":"closed","template":"","meta":{"ngg_post_thumbnail":0,"footnotes":""},"translation":{"provider":"WPGlobus","version":"3.0.2","language":"en","enabled_languages":["de","en"],"languages":{"de":{"title":true,"content":true,"excerpt":false},"en":{"title":false,"content":false,"excerpt":false}}},"_links":{"self":[{"href":"https:\/\/www.redsilence.1billionrising.at\/en\/wp-json\/wp\/v2\/pages\/39"}],"collection":[{"href":"https:\/\/www.redsilence.1billionrising.at\/en\/wp-json\/wp\/v2\/pages"}],"about":[{"href":"https:\/\/www.redsilence.1billionrising.at\/en\/wp-json\/wp\/v2\/types\/page"}],"author":[{"embeddable":true,"href":"https:\/\/www.redsilence.1billionrising.at\/en\/wp-json\/wp\/v2\/users\/1"}],"replies":[{"embeddable":true,"href":"https:\/\/www.redsilence.1billionrising.at\/en\/wp-json\/wp\/v2\/comments?post=39"}],"version-history":[{"count":7,"href":"https:\/\/www.redsilence.1billionrising.at\/en\/wp-json\/wp\/v2\/pages\/39\/revisions"}],"predecessor-version":[{"id":1201,"href":"https:\/\/www.redsilence.1billionrising.at\/en\/wp-json\/wp\/v2\/pages\/39\/revisions\/1201"}],"wp:attachment":[{"href":"https:\/\/www.redsilence.1billionrising.at\/en\/wp-json\/wp\/v2\/media?parent=39"}],"curies":[{"name":"wp","href":"https:\/\/api.w.org\/{rel}","templated":true}]}}